{"id":39,"date":"2023-10-09T20:53:23","date_gmt":"2023-10-09T19:53:23","guid":{"rendered":"https:\/\/umijeceprotoka.hr\/?page_id=39"},"modified":"2023-10-11T14:07:24","modified_gmt":"2023-10-11T13:07:24","slug":"about-me","status":"publish","type":"page","link":"https:\/\/www.umijeceprotoka.hr\/?page_id=39","title":{"rendered":"O meni"},"content":{"rendered":"<div class=\"wp-block-image\">\n<figure class=\"alignleft is-resized\"><img decoding=\"async\" loading=\"lazy\" src=\"https:\/\/www.umijeceprotoka.hr\/wp-content\/uploads\/2023\/10\/ana.jpg\" alt=\"\" class=\"wp-image-91\" style=\"width:158px;height:179px\" width=\"158\" height=\"179\" srcset=\"https:\/\/www.umijeceprotoka.hr\/wp-content\/uploads\/2023\/10\/ana.jpg 1002w, https:\/\/www.umijeceprotoka.hr\/wp-content\/uploads\/2023\/10\/ana-265x300.jpg 265w, https:\/\/www.umijeceprotoka.hr\/wp-content\/uploads\/2023\/10\/ana-905x1024.jpg 905w, https:\/\/www.umijeceprotoka.hr\/wp-content\/uploads\/2023\/10\/ana-768x869.jpg 768w, https:\/\/www.umijeceprotoka.hr\/wp-content\/uploads\/2023\/10\/ana-11x12.jpg 11w\" sizes=\"(max-width: 158px) 100vw, 158px\" \/><\/figure><\/div>\n\n\n<p>Ja sam akademski glazbenik i profesor flaute s bogatim iskustvom u glazbenom obrazovanju. No, moj put nije stao samo na glazbi. Ulagala sam u svoj osobni i profesionalni razvoj te stekla razli\u010dita znanja koja danas primjenjujem u svojoj praksi.<\/p>\n\n\n\n<p>Zavr\u0161ila sam edukaciju iz tjelesno orijentirane psihoterapije, a trenutno zavr\u0161avam propedeutiku psihoterapije na Veleu\u010dili\u0161tu Bernays. Kroz svoj rad sam se tako\u0111er posvetila edukacijama iz psihodrame i artekspresivnih metoda psihoterapije.<\/p>\n\n\n\n<p>S ponosom mogu re\u0107i da imam 20 godina uspje\u0161nog pedago\u0161kog rada, a moje iskustvo u radu s glazbenicima me potaknulo da implementiram ste\u010dena znanja u jedan specifi\u010dan pristup klijentima, u\u010denicima i umjetnicima. Moj fokus je na tijelu, emocijama i duboko ukorijenjenim obrascima koji \u010desto stoje kao prepreka na putu ka ostvarenju \u017eivotnih potencijala, ali i do\u017eivljavanju zadovoljstva i u\u017eitka.<\/p>\n\n\n\n<p>Moje strastveno zalaganje za glazbu, psihoterapiju i obrazovanje \u010dini me jedinstvenim profesionalcem spremnim pomo\u0107i vam na putu ka osobnom rastu, samospoznaji i ostvarenju va\u0161ih \u017eivotnih ciljeva. S veseljem \u0107u podijeliti svoje znanje i iskustvo kako biste postigli harmoniju u sebi i postigli svoj puni potencijal.<\/p>\n\n\n\n<div style=\"height:30px\" aria-hidden=\"true\" class=\"wp-block-spacer\"><\/div>\n","protected":false},"excerpt":{"rendered":"<p>Ja sam akademski glazbenik i profesor flaute s bogatim iskustvom u glazbenom obrazovanju. No, moj put nije stao samo na glazbi. Ulagala sam u svoj osobni i profesionalni razvoj te stekla razli\u010dita znanja koja danas primjenjujem u svojoj praksi. Zavr\u0161ila sam edukaciju iz tjelesno orijentirane psihoterapije, a trenutno zavr\u0161avam propedeutiku psihoterapije na Veleu\u010dili\u0161tu Bernays. Kroz svoj rad sam se tako\u0111er posvetila edukacijama iz psihodrame i artekspresivnih metoda psihoterapije. S ponosom mogu re\u0107i da imam 20 godina uspje\u0161nog pedago\u0161kog rada, a moje iskustvo u radu s glazbenicima me potaknulo da implementiram ste\u010dena znanja u jedan specifi\u010dan pristup klijentima, u\u010denicima i umjetnicima. Moj fokus je na tijelu, emocijama i duboko ukorijenjenim obrascima koji \u010desto stoje kao prepreka na putu ka ostvarenju \u017eivotnih potencijala, ali i do\u017eivljavanju zadovoljstva i u\u017eitka. Moje strastveno zalaganje za glazbu, psihoterapiju i obrazovanje \u010dini me jedinstvenim profesionalcem spremnim pomo\u0107i vam na putu ka osobnom rastu, samospoznaji i ostvarenju va\u0161ih \u017eivotnih ciljeva. S veseljem \u0107u podijeliti svoje znanje i iskustvo kako biste postigli harmoniju u sebi i postigli svoj puni potencijal.<\/p>\n","protected":false},"author":1,"featured_media":0,"parent":0,"menu_order":0,"comment_status":"closed","ping_status":"closed","template":"","meta":{"_monsterinsights_skip_tracking":false,"_monsterinsights_sitenote_active":false,"_monsterinsights_sitenote_note":"","_monsterinsights_sitenote_category":0,"footnotes":""},"aioseo_notices":[],"acf":[],"_links":{"self":[{"href":"https:\/\/www.umijeceprotoka.hr\/index.php?rest_route=\/wp\/v2\/pages\/39"}],"collection":[{"href":"https:\/\/www.umijeceprotoka.hr\/index.php?rest_route=\/wp\/v2\/pages"}],"about":[{"href":"https:\/\/www.umijeceprotoka.hr\/index.php?rest_route=\/wp\/v2\/types\/page"}],"author":[{"embeddable":true,"href":"https:\/\/www.umijeceprotoka.hr\/index.php?rest_route=\/wp\/v2\/users\/1"}],"replies":[{"embeddable":true,"href":"https:\/\/www.umijeceprotoka.hr\/index.php?rest_route=%2Fwp%2Fv2%2Fcomments&post=39"}],"version-history":[{"count":8,"href":"https:\/\/www.umijeceprotoka.hr\/index.php?rest_route=\/wp\/v2\/pages\/39\/revisions"}],"predecessor-version":[{"id":208,"href":"https:\/\/www.umijeceprotoka.hr\/index.php?rest_route=\/wp\/v2\/pages\/39\/revisions\/208"}],"wp:attachment":[{"href":"https:\/\/www.umijeceprotoka.hr\/index.php?rest_route=%2Fwp%2Fv2%2Fmedia&parent=39"}],"curies":[{"name":"wp","href":"https:\/\/api.w.org\/{rel}","templated":true}]}}